{"id":32,"date":"2020-09-08T19:37:19","date_gmt":"2020-09-08T19:37:19","guid":{"rendered":"https:\/\/studiogallella.it\/wordpress\/?page_id=32"},"modified":"2020-11-12T12:13:06","modified_gmt":"2020-11-12T12:13:06","slug":"lo-studio","status":"publish","type":"page","link":"https:\/\/studiogallella.it\/index.php\/lo-studio\/","title":{"rendered":"Lo Studio"},"content":{"rendered":"\n\n\n\n\n\n\n\n\n\n\n\n\n\n\n\n\n\n\n\n<br><article><p>Lo Studio \u00e8 stato fondato nel 1982 da&nbsp;<strong>Antonio Gallella<\/strong>,&nbsp; iscritto al numero 27 dell&#8217;<strong>Albo dei Dottori Commercialisti e degli Esperti Contabili categoria A<\/strong>&nbsp;(albo&nbsp;<a href=\"https:\/\/www.odceckr.it\/albo-ed-elenchi\/albo-professionale\/\" target=\"_blank\" rel=\"noopener noreferrer\">iscritti<\/a>)&nbsp;<strong>di Crotone<\/strong>,&nbsp;nonch\u00e8&nbsp;<strong>Revisore Contabile<\/strong>,&nbsp;iscritto con D.M. 10.04.1990, pubblicato nella G.U. n.35 del 04.05.1990, n. del Registro 88.<\/p>&nbsp;<p>Le sedi:<\/p><p>&#8211; Cir\u00f2 Marina, via Roma 202\/A, Tel<span>\/Fax<\/span><span>&nbsp;0962 31766<\/span><\/p><p>&#8211; Crotone, Via Panella 178, Tel\/Fax 0962 902533<\/p><span>&nbsp;&nbsp;<\/span><p><span>La nostra attivit\u00e0 di studio e consulenza, ha come obiettivo primario lo\nsviluppo e l&#8217;incremento degli affari delle imprese che assistiamo. La struttura\nsu cui si sviluppa l&#8217;attivit\u00e0 dello studio \u00e8 affidabile e dinamica e conta gi\u00e0\nun trentennio di attivit\u00e0 contrassegnati da lusinghieri successi, la professionalit\u00e0\ndei collaboratori che vi operano e l&#8217;utilizzo delle pi\u00f9 recenti metodologie e\nle avanzate tecnologie informatiche fanno dello studio gli strumenti principali\nper garantire al proprio cliente competenza e professionalit\u00e0.<\/span><\/p><br><p><span>Le indagini che affrontiamo nello studio di qualsiasi progetto aziendale \u00e8\ndi tipo globale, vengono valutati tutti gli aspetti contabili, fiscali, legali,\nfinanziari, del personale, di marketing, ecc nonch\u00e9, vengono studiate e\nvalutate tutte le ipotesi alternative al fine di consentire alle Imprese di\nscegliere tra varie soluzioni, quelle che pi\u00f9 si avvicinano agli obiettivi di\nsviluppo pianificati, sia nell&#8217;ambito nazionale che comunitario ed\ninternazionale.<\/span><span><o:p><\/o:p><\/span><\/p>\n\n<p><span>Lo studio, oltre ad una qualificata consulenza aziendale e tributaria,\noffre assistenza nella ricerca di strumenti di finanza agevolata con\npredisposizione di progetti di finanziamento.<\/span><span><o:p><\/o:p><\/span><\/p><br><p><span>Inoltre, in linea con le moderne forme di evoluzione di mercato, lo studio\nsta maturando una qualificata esperienza nella &#8220;<strong>New-Economy<\/strong>&#8221; risolvendo\nproblematiche aziendali e fiscali legati allo start-up, assiste gli\nimprenditori e gli enti interessati a promuovere o costituire una internet\ncompany proponendogli know-how e strumenti efficaci per strutturare i loro\nprogetti. Particolare attenzione viene dedicata allo strumento consortile e\nalla programmazione negoziata quale mezzi di sviluppo delle singole imprese.<\/span><span><o:p><\/o:p><\/span><\/p><p><span><br><\/span><\/p>\n\n<p><span>Lo studio Gallella ha, al\nproprio interno, tutte le competenze necessarie per offrire un servizio di alta\nqualit\u00e0 professionale. Tempestivit\u00e0, cortesia, efficienza, dinamicit\u00e0 e\nflessibilit\u00e0 sono tutti elementi di successo che caratterizzano lo studio.<\/span><\/p><p><span>Allo stesso tempo lo Studio collabora in modo continuativo con Notai, Avvocati, Architetti, ed altri professionisti, nei diversi settori allo scopo di cogliere le soluzioni pi\u00f9 adeguate alle questioni, anche molto controverse, che richiedono differenti e qualificate professionalit\u00e0 sotto il profilo giuridico, normativo, tecnico, aziendale, economico, tributario, lavoristico e giuslavoratistico<\/span><span>.<\/span><span><br><\/span><\/p><p><strong><br><\/strong><\/p><p><strong>Ricordiamo che essere iscritti ad un Albo \u00e8 garanzia di seriet\u00e0: formazione annua e assicurazione di copertura rischi dell\u2019attivit\u00e0 professionale sono obbligatorie.<\/strong><\/p><p>Partita IVA:&nbsp;<span>00504670795<\/span><\/p><\/article>\n\n\n","protected":false},"excerpt":{"rendered":"","protected":false},"author":2,"featured_media":0,"parent":0,"menu_order":0,"comment_status":"closed","ping_status":"closed","template":"","meta":{"pagelayer_contact_templates":[],"_pagelayer_content":"","footnotes":""},"yoast_head":"<!-- This site is optimized with the Yoast SEO plugin v23.5 - https:\/\/yoast.com\/wordpress\/plugins\/seo\/ -->\n<title>Lo Studio - Studio Gallella &amp; Partners<\/title>\n<meta name=\"robots\" content=\"index, follow, max-snippet:-1, max-image-preview:large, max-video-preview:-1\" \/>\n<link rel=\"canonical\" href=\"https:\/\/studiogallella.it\/index.php\/lo-studio\/\" \/>\n<meta property=\"og:locale\" content=\"it_IT\" \/>\n<meta property=\"og:type\" content=\"article\" \/>\n<meta property=\"og:title\" content=\"Lo Studio - Studio Gallella &amp; Partners\" \/>\n<meta property=\"og:url\" content=\"https:\/\/studiogallella.it\/index.php\/lo-studio\/\" \/>\n<meta property=\"og:site_name\" content=\"Studio Gallella &amp; Partners\" \/>\n<meta property=\"article:modified_time\" content=\"2020-11-12T12:13:06+00:00\" \/>\n<meta name=\"twitter:card\" content=\"summary_large_image\" \/>\n<meta name=\"twitter:label1\" content=\"Tempo di lettura stimato\" \/>\n\t<meta name=\"twitter:data1\" content=\"2 minuti\" \/>\n<script type=\"application\/ld+json\" class=\"yoast-schema-graph\">{\"@context\":\"https:\/\/schema.org\",\"@graph\":[{\"@type\":\"WebPage\",\"@id\":\"https:\/\/studiogallella.it\/index.php\/lo-studio\/\",\"url\":\"https:\/\/studiogallella.it\/index.php\/lo-studio\/\",\"name\":\"Lo Studio - Studio Gallella &amp; Partners\",\"isPartOf\":{\"@id\":\"https:\/\/studiogallella.it\/#website\"},\"datePublished\":\"2020-09-08T19:37:19+00:00\",\"dateModified\":\"2020-11-12T12:13:06+00:00\",\"breadcrumb\":{\"@id\":\"https:\/\/studiogallella.it\/index.php\/lo-studio\/#breadcrumb\"},\"inLanguage\":\"it-IT\",\"potentialAction\":[{\"@type\":\"ReadAction\",\"target\":[\"https:\/\/studiogallella.it\/index.php\/lo-studio\/\"]}]},{\"@type\":\"BreadcrumbList\",\"@id\":\"https:\/\/studiogallella.it\/index.php\/lo-studio\/#breadcrumb\",\"itemListElement\":[{\"@type\":\"ListItem\",\"position\":1,\"name\":\"Home\",\"item\":\"https:\/\/studiogallella.it\/\"},{\"@type\":\"ListItem\",\"position\":2,\"name\":\"Lo Studio\"}]},{\"@type\":\"WebSite\",\"@id\":\"https:\/\/studiogallella.it\/#website\",\"url\":\"https:\/\/studiogallella.it\/\",\"name\":\"Studio Gallella &amp; Partners\",\"description\":\"commercialisti e revisori contabili - avvocati - consulenza tributaria, societaria, legale e del lavoro\",\"publisher\":{\"@id\":\"https:\/\/studiogallella.it\/#organization\"},\"potentialAction\":[{\"@type\":\"SearchAction\",\"target\":{\"@type\":\"EntryPoint\",\"urlTemplate\":\"https:\/\/studiogallella.it\/?s={search_term_string}\"},\"query-input\":{\"@type\":\"PropertyValueSpecification\",\"valueRequired\":true,\"valueName\":\"search_term_string\"}}],\"inLanguage\":\"it-IT\"},{\"@type\":\"Organization\",\"@id\":\"https:\/\/studiogallella.it\/#organization\",\"name\":\"Studio Gallella &amp; Partners\",\"url\":\"https:\/\/studiogallella.it\/\",\"logo\":{\"@type\":\"ImageObject\",\"inLanguage\":\"it-IT\",\"@id\":\"https:\/\/studiogallella.it\/#\/schema\/logo\/image\/\",\"url\":\"https:\/\/studiogallella.it\/wp-content\/uploads\/2020\/11\/logo_6-1.png\",\"contentUrl\":\"https:\/\/studiogallella.it\/wp-content\/uploads\/2020\/11\/logo_6-1.png\",\"width\":712,\"height\":87,\"caption\":\"Studio Gallella &amp; Partners\"},\"image\":{\"@id\":\"https:\/\/studiogallella.it\/#\/schema\/logo\/image\/\"}}]}<\/script>\n<!-- \/ Yoast SEO plugin. -->","yoast_head_json":{"title":"Lo Studio - Studio Gallella &amp; Partners","robots":{"index":"index","follow":"follow","max-snippet":"max-snippet:-1","max-image-preview":"max-image-preview:large","max-video-preview":"max-video-preview:-1"},"canonical":"https:\/\/studiogallella.it\/index.php\/lo-studio\/","og_locale":"it_IT","og_type":"article","og_title":"Lo Studio - Studio Gallella &amp; Partners","og_url":"https:\/\/studiogallella.it\/index.php\/lo-studio\/","og_site_name":"Studio Gallella &amp; Partners","article_modified_time":"2020-11-12T12:13:06+00:00","twitter_card":"summary_large_image","twitter_misc":{"Tempo di lettura stimato":"2 minuti"},"schema":{"@context":"https:\/\/schema.org","@graph":[{"@type":"WebPage","@id":"https:\/\/studiogallella.it\/index.php\/lo-studio\/","url":"https:\/\/studiogallella.it\/index.php\/lo-studio\/","name":"Lo Studio - Studio Gallella &amp; Partners","isPartOf":{"@id":"https:\/\/studiogallella.it\/#website"},"datePublished":"2020-09-08T19:37:19+00:00","dateModified":"2020-11-12T12:13:06+00:00","breadcrumb":{"@id":"https:\/\/studiogallella.it\/index.php\/lo-studio\/#breadcrumb"},"inLanguage":"it-IT","potentialAction":[{"@type":"ReadAction","target":["https:\/\/studiogallella.it\/index.php\/lo-studio\/"]}]},{"@type":"BreadcrumbList","@id":"https:\/\/studiogallella.it\/index.php\/lo-studio\/#breadcrumb","itemListElement":[{"@type":"ListItem","position":1,"name":"Home","item":"https:\/\/studiogallella.it\/"},{"@type":"ListItem","position":2,"name":"Lo Studio"}]},{"@type":"WebSite","@id":"https:\/\/studiogallella.it\/#website","url":"https:\/\/studiogallella.it\/","name":"Studio Gallella &amp; Partners","description":"commercialisti e revisori contabili - avvocati - consulenza tributaria, societaria, legale e del lavoro","publisher":{"@id":"https:\/\/studiogallella.it\/#organization"},"potentialAction":[{"@type":"SearchAction","target":{"@type":"EntryPoint","urlTemplate":"https:\/\/studiogallella.it\/?s={search_term_string}"},"query-input":{"@type":"PropertyValueSpecification","valueRequired":true,"valueName":"search_term_string"}}],"inLanguage":"it-IT"},{"@type":"Organization","@id":"https:\/\/studiogallella.it\/#organization","name":"Studio Gallella &amp; Partners","url":"https:\/\/studiogallella.it\/","logo":{"@type":"ImageObject","inLanguage":"it-IT","@id":"https:\/\/studiogallella.it\/#\/schema\/logo\/image\/","url":"https:\/\/studiogallella.it\/wp-content\/uploads\/2020\/11\/logo_6-1.png","contentUrl":"https:\/\/studiogallella.it\/wp-content\/uploads\/2020\/11\/logo_6-1.png","width":712,"height":87,"caption":"Studio Gallella &amp; Partners"},"image":{"@id":"https:\/\/studiogallella.it\/#\/schema\/logo\/image\/"}}]}},"rttpg_featured_image_url":null,"rttpg_author":{"display_name":"admin","author_link":"https:\/\/studiogallella.it\/index.php\/author\/admin\/"},"rttpg_comment":0,"rttpg_category":null,"rttpg_excerpt":null,"_links":{"self":[{"href":"https:\/\/studiogallella.it\/index.php\/wp-json\/wp\/v2\/pages\/32"}],"collection":[{"href":"https:\/\/studiogallella.it\/index.php\/wp-json\/wp\/v2\/pages"}],"about":[{"href":"https:\/\/studiogallella.it\/index.php\/wp-json\/wp\/v2\/types\/page"}],"author":[{"embeddable":true,"href":"https:\/\/studiogallella.it\/index.php\/wp-json\/wp\/v2\/users\/2"}],"replies":[{"embeddable":true,"href":"https:\/\/studiogallella.it\/index.php\/wp-json\/wp\/v2\/comments?post=32"}],"version-history":[{"count":10,"href":"https:\/\/studiogallella.it\/index.php\/wp-json\/wp\/v2\/pages\/32\/revisions"}],"predecessor-version":[{"id":668,"href":"https:\/\/studiogallella.it\/index.php\/wp-json\/wp\/v2\/pages\/32\/revisions\/668"}],"wp:attachment":[{"href":"https:\/\/studiogallella.it\/index.php\/wp-json\/wp\/v2\/media?parent=32"}],"curies":[{"name":"wp","href":"https:\/\/api.w.org\/{rel}","templated":true}]}}