{"id":520,"date":"2020-09-20T18:15:14","date_gmt":"2020-09-20T18:15:14","guid":{"rendered":"https:\/\/studiogallella.it\/wordpress\/?page_id=520"},"modified":"2020-09-20T18:21:53","modified_gmt":"2020-09-20T18:21:53","slug":"cookies","status":"publish","type":"page","link":"https:\/\/studiogallella.it\/index.php\/cookies\/","title":{"rendered":"Cookies"},"content":{"rendered":"<p>[pl_row pagelayer-id=&#8221;upfdj8pixl7lzcay&#8221;  0=&#8221;&#8221;]<br \/>\n[pl_col pagelayer-id=&#8221;q0457zde3yze4w0u&#8221;  col=&#8221;12&#8243;]<br \/>\n[pl_text pagelayer-id=&#8221;wsik8u5l3u0g7zxd&#8221;  0=&#8221;&#8221;]<\/p>\n<p>[\/pl_text]<br \/>\n[\/pl_col]<br \/>\n[\/pl_row]<br \/>\n[pl_row pagelayer-id=&#8221;doPfOxdEk2u2gpeT&#8221;  stretch=&#8221;auto&#8221; col_gap=&#8221;10&#8243; width_content=&#8221;auto&#8221; row_height=&#8221;default&#8221; overlay_hover_delay=&#8221;400&#8243; row_shape_top_color=&#8221;#227bc3&#8243; row_shape_top_width=&#8221;100&#8243; row_shape_top_height=&#8221;100&#8243; row_shape_bottom_color=&#8221;#e44993&#8243; row_shape_bottom_width=&#8221;100&#8243; row_shape_bottom_height=&#8221;100&#8243;]<br \/>\n[pl_col pagelayer-id=&#8221;zXnwd9fxKrgl3h4z&#8221;  widget_space=&#8221;15&#8243; overlay_hover_delay=&#8221;400&#8243;]<br \/>\n[pl_text pagelayer-id=&#8221;Tnh1I0eN3y73vYBl&#8221; ]<br \/>\n<span><span><span><\/span><\/span><\/span><\/p>\n<p><span><strong>INFORMATIVA SUI COOKIES<\/strong><\/span><\/p>\n<p><span>Ai sensi della normativa in materia di protezione dei dati personali (D. Lgs. n. 196\/03 e ss.mm.ii. e Regolamento generale sulla protezione dei dati n. 679\/2016\/UE), STUDIO GALLELLA &amp; PARTNERS, Titolare del trattamento, fornisce attraverso questa informativa estesa agli utenti del presente sito alcune informazioni relative ai cookie utilizzati e alle modalit\u00e0&nbsp;di&nbsp;disattivazione degli stessi.L\u2019informativa \u00e8 resa solo per tale Sito e non anche per altri siti web eventualmente consultati dall\u2019utente tramite link per i quali si rinvia alle rispettive informative\/policy.Il consenso all\u2019utilizzo dei cookie viene fornito dall\u2019utente tramite il proseguimento della navigazione o lo scorrimento\/scrolling della pagina.Per qualsiasi domanda sull\u2019informativa o nel caso non concordasse con quanto indicato dalla stessa, prima di utilizzare questo sito, La invitiamo a disabilitare i cookie tramite le indicazioni riportate nel successivo punto GESTIRE LE OPZIONI SUI COOKIE oppure ci contatti via email al seguente indirizzo&nbsp;info@studiogallella.it. La informiamo che la presente Informativa potrebbe essere oggetto di aggiornamenti nel tempo in ottemperanza alle normative Europee e nazionali in materia, pertanto La invitiamo a controllare questa pagina costantemente al fine di assicurare di concordare con le eventuali modifiche.&nbsp;<\/span><\/p>\n<p><span><br \/><\/span><\/p>\n<p><span><b>COSA SONO I COOKIE?<\/b>&nbsp;<\/span><\/p>\n<p><span>I cookie sono file di testo che archiviano informazioni sul suo hard disk, sul suo tablet, sul suo smartphone o sul browser che Lei utilizza. I cookie agiscono come una memoria per un sito web, consentendo il riconoscimento da parte del sito web del suo device fisico ad ogni sua visita successiva a quello stesso sito. I cookie rendono pi\u00f9 semplice la conservazione delle sue preferenze sul sito web e, rilevando le modalit\u00e0 tecniche di utilizzo dello stesso sito da parte Sua, consentono di migliorarne ulteriormente le funzionalit\u00e0 e la fruibilit\u00e0 generale dello stesso sito.I sistemi informatici e le procedure software preposte al funzionamento del Sito acquisiscono automaticamente, nel normale esercizio, alcune informazioni inerenti la navigazione web la cui trasmissione \u00e8 implicita nell\u2019uso dei protocolli di comunicazione Internet.Si tratta di informazioni che non sono raccolte per essere associate a interessati identificati, ma che per loro natura potrebbero, se sottoposte ad associazioni con i dati detenuti da terzi e successive elaborazioni, permettere di identificare gli utilizzatori. In questa categoria rientrano le informazioni relative a: indirizzi IP;nomi a dominio dei computer utilizzati dagli utenti che si connettono al sito;orario della richiesta;il metodo utilizzato nel sottoporre la richiesta al server web;la dimensione del file ottenuto in risposta;codice numerico indicante lo stato della risposta data dal server web (buon fine, errore, ecc.);altri parametri relativi al sistema operativo ed all\u2019ambiente informatico dell\u2019utente. Questi dati vengono utilizzati al solo fine di ricavare informazioni statistiche ANONIME sull\u2019uso del presente Sito web e per controllarne il corretto funzionamento. I cookie di sessione sono utilizzati solo per il tempo strettamente connesso con la durata della sessione del browser utilizzato.Non sono quindi raccolte informazioni personali n\u00e9 vengono utilizzati cookie persistenti di alcun tipo che consentano il tracciamento dei dati degli utilizzatori.&nbsp;<\/span><\/p>\n<p><span><br \/><\/span><\/p>\n<p><b>TIPOLOGIE DI COOKIE<\/b>&nbsp;<\/p>\n<p>Cookie del Titolare. Il sito utilizza cookie tecnici, pi\u00f9 precisamente: Nome Cookie PHPSESSID (memorizza sessione utente) In assenza di tale cookie il sito potrebbe non funzionare correttamente.cookie_accepted (ricorda l\u2019accettazione da parte degli utenti dell\u2019informativa relativa all\u2019utilizzo dei cookie) In assenza di tale cookie non verr\u00e0 salvata l\u2019accettazione dei cookie da parte dell\u2019utente e di conseguenza riproposta. Tale cookie viene resettato volutamente dal Titolare nel caso di modifiche all\u2019informativa in modo da portare ad una nuova visualizzazione della stessa. Cookie di Terze Parti Il sito web (definito in altri punti \u201csito\u201d) sul quale si sta navigando pu\u00f2 consentire che cookie di Terze Parti siano impostati in servizi in esso presenti. Questi cookie non sono sotto il controllo del Titolare del Trattamento poich\u00e9 impostati direttamente da gestori principali dei siti web e utilizzati per le finalit\u00e0 e secondo le modalit\u00e0 da questi definiti.Di seguito trover\u00e0 maggiori informazioni in merito all\u2019utilizzo dei cookie di Terze Parti utilizzati.&nbsp;<\/p>\n<p><\/p>\n<p><b>TIPOLOGIA DI COOKIE E FINALIT\u00c0 D\u2019IMPIEGO<\/b>&nbsp;<\/p>\n<p>Google Analytics Questi cookie sono utilizzati per raccogliere informazioni in formato anonimo su quali visitatori usano il sito in modo da permetterci di migliorare l\u2019usabilit\u00e0 del sito stesso.Si tratta di un servizio di analisi web fornito da Google Inc. che utilizza dei cookie che vengono depositati su PC, smartphone e tablet dell\u2019utente per consentire analisi statistiche in forma aggregata in ordine all\u2019utilizzo del sito web visitato.I Dati generati da Google Analytics sono conservati da Google cos\u00ec come indicato nella Informativa reperibile al seguente link:https:\/\/support.google.com\/analytics\/topic\/2919631?hl=it&amp;ref_topic=1008008Per consultare l\u2019informativa privacy della societ\u00e0 Google Inc., titolare autonomo del trattamento dei dati relativi al servizio Google Analytics, si rinvia al sito internethttps:\/\/support.google.com\/analytics\/answer\/6004245Per monitorare la raccolta di dati ai fini di analisi effettuata da Google Analytics, pu\u00f2 visitare la pagina del Componente aggiuntivo del browser per la disattivazione di Google Analytics&nbsp;https:\/\/tools.google.com\/dlpage\/gaoptout?hl=it Google Adwords Il sito utilizza anche lo strumento di remarketing Google Adwords. Questo strumento consente di pubblicare annunci personalizzati in base alle visite dei clienti al nostro sito.Per questo alcune pagine del sito includono un codice definito \u201ccodice remarketing\u201d. Questo codice permette di leggere e configurare i cookie del browser al fine di determinare quale tipo di annuncio visualizzerai, in funzione dei dati relativi alla Sua visita al sito, quali per esempio il circuito di navigazione scelto, le pagine effettivamente visitate o le azioni compiute all\u2019interno delle stesse.Le liste di remarketing cos\u00ec create sono conservate in un database dei server di Google in cui si conservano tutti gli ID dei cookie associati ad ogni lista o categoria di interessi. Le informazioni ottenute consentono di identificare solo il browser, dato che con queste informazioni Google non \u00e8 in grado di identificare l\u2019utente se non in modalit\u00e0 anonimizzata.Per maggiori informazioni sul Remarketing di Google \u00e8 possibile visitare la pagina&nbsp;https:\/\/support.google.com\/adwords\/answer\/2454000?hl=it&amp;ref_topic=2677326\u00e2\u20ac\u00a8Per maggiori informazioni sulle Norme e Principi Google per la Privacy \u00e8 possibile visitare la pagina&nbsp;http:\/\/www.google.it\/policies\/technologies\/ads\/L\u2019autorizzazione alla raccolta e all\u2019archiviazione dei dati pu\u00f2 essere revocata in qualsiasi momento. L\u2019utente pu\u00f2 disattivare l\u2019utilizzo dei cookie da parte di Google attraverso le specifiche opzioni di impostazione dei diversi browser. Per maggiori e pi\u00f9 precise informazioni pu\u00f2: Gestione preferenze annunciNorme per la disattivazione della Behavioral AdvertisingAdd-on per disattivare Google Analytics Social network I social buttons utilizzati consentono al social network cui l\u2019icona si riferisce di acquisire i dati relativi alla visita. Tramite l\u2019utilizzo di tali pulsanti sono pertanto installati cookie di terze parti. Tali siti possono effettuare anche procedure di profilazione pi\u00f9 o meno anonimizzate. Il Nostro sito non condivide per\u00f2 alcuna informazione di navigazione o dati del cliente con tali social network attraverso la semplice pressione dei Social buttons.&nbsp;Per impedire il monitoraggio da parte dei widget dei social media, uscire da tutti i social network a cui si \u00e8 effettuato l\u2019accesso prima di visitare il nostro sito web. Add This Il sito utilizza Add This, che consente di aggiungere ed effettuare la gestione di pulsanti di alcuni social network per permetterti di condividere i contenuti sulle varie piattaforme social.L\u2019utilizzo di tali pulsanti di condivisione comporta l\u2019installazione di cookie, anche profilanti, della societ\u00e0 terza che offre il servizio. Il sito non condivide per\u00f2 alcuna informazione di navigazione o dato dell\u2019utente acquisiti nel caso di utilizzo di tali pulsanti, ad eccezione di alcuni dati in forma aggregata. E\u2019 possibile consultare l\u2019informativa privacy rivolta agli Utenti che si avvalgono del pulsante AddThis Sharing Button al seguente link: http:\/\/www.addthis.com\/privacy\/privacy-policy#publisher-visitors Per la disattivazione:&nbsp;http:\/\/www.addthis.com\/privacy\/opt-out&nbsp;<\/p>\n<p><\/p>\n<p><b>GESTIRE LE OPZIONI SUI COOKIE<\/b>&nbsp;<\/p>\n<p>Il cliente pu\u00f2 rifiutare, disabilitare i cookie dal Suo browser e\/o cancellare tutti i cookie che sono attualmente salvati sul tuo computer intervenendo nelle impostazioni del Suo web browser. Si tenga presente che la modifica delle impostazioni dei cookie sui browser potrebbe impedire la possibilit\u00e0 di fruire completamente delle funzionalit\u00e0 del sito web. Ciascun browser presenta procedure diverse per la gestione delle impostazioni. Qui sotto i principali browser utilizzati, con gli indirizzi dove trovare le informazioni per modificare le impostazioni dei cookie. Microsoft Internet Explorer&nbsp;http:\/\/windows.microsoft.com\/it-it\/windows7\/block-enable-or-allow-cookies Google Chrome&nbsp;https:\/\/support.google.com\/chrome\/answer\/95647?hl=it&amp;p=cpn_cookies Mozilla Firefox&nbsp;https:\/\/support.mozilla.org\/it\/kb\/Attivare%20e%20disattivare%20i%20cookie?redirectlocale=en-US&amp;redirectslug=Enabling+and+disabling+cookies Apple Safari (iOS)&nbsp;https:\/\/support.apple.com\/kb\/PH17191?viewlocale=it_IT&amp;locale=it_IT La disattivazione dei cookie di terze parti \u00e8 inoltre possibile attraverso le modalit\u00e0 rese disponibili direttamente dalla societ\u00e0 terza titolare per detto trattamento, come indicato ai link riportati sopra nel testo.&nbsp;<\/p>\n<p>La durata dei cookie dipende dalla loro natura: i cookie di sessione scadono quando l\u2019utente chiude il browser; i cookie persistenti hanno date di scadenza tipiche che, a meno di particolari eccezioni, non superano i 20 anni.&nbsp;<\/p>\n<p><\/p>\n<p><b>MODALIT\u00c0 DEL TRATTAMENTO<\/b>&nbsp;<\/p>\n<p>Il trattamento viene effettuato con strumenti automatizzati dal Titolare. Non viene effettuata alcuna diffusione o comunicazione.&nbsp;<\/p>\n<p><\/p>\n<p><b>CONFERIMENTO DEI DATI<\/b>&nbsp;<\/p>\n<p>Il conferimento di dati \u00e8 rimesso alla volont\u00e0 dell\u2019interessato che decida di navigare sul sito dopo aver preso visione dell\u2019informativa breve contenuta nell\u2019apposito banner e di usufruire dei servizi che comportano l\u2019installazione di cookie (es. Add This). E\u2019 possibile evitare l\u2019installazione dei cookie mantenendo il banner attivo (possibile non chiudendo o non accettando l\u2019informativa breve) e attraverso apposite funzioni disponibili sul Suo browser.&nbsp;<\/p>\n<p><\/p>\n<p><b>DIRITTI DELL\u2019INTERESSATO<\/b>&nbsp;<\/p>\n<p>Secondo quanto previsto dal Regolamento U.E. 679 \/ 2016 e dal D.Lgs. 30 giugno 2003 n. Informativa sui Cookies196, relativo alla protezione dei dati personali, Lei potr\u00e0 ricevere tutte le informazioni in merito ai dati salvati ed eventualmente richiederne la correzione, il blocco o la cancellazione, inviando una mail all\u2019indirizzo&nbsp;info@studiogallella.it.<\/p>\n<p>[\/pl_text]<br \/>\n[\/pl_col]<br \/>\n[\/pl_row]<\/p>\n","protected":false},"excerpt":{"rendered":"<p>[pl_row pagelayer-id=&#8221;upfdj8pixl7lzcay&#8221; 0=&#8221;&#8221;] [pl_col pagelayer-id=&#8221;q0457zde3yze4w0u&#8221; col=&#8221;12&#8243;] [pl_text pagelayer-id=&#8221;wsik8u5l3u0g7zxd&#8221; 0=&#8221;&#8221;] [\/pl_text] [\/pl_col] [\/pl_row] [pl_row pagelayer-id=&#8221;doPfOxdEk2u2gpeT&#8221; stretch=&#8221;auto&#8221; col_gap=&#8221;10&#8243; width_content=&#8221;auto&#8221; row_height=&#8221;default&#8221; overlay_hover_delay=&#8221;400&#8243; row_shape_top_color=&#8221;#227bc3&#8243; row_shape_top_width=&#8221;100&#8243; row_shape_top_height=&#8221;100&#8243; row_shape_bottom_color=&#8221;#e44993&#8243; row_shape_bottom_width=&#8221;100&#8243; row_shape_bottom_height=&#8221;100&#8243;] [pl_col pagelayer-id=&#8221;zXnwd9fxKrgl3h4z&#8221; widget_space=&#8221;15&#8243; overlay_hover_delay=&#8221;400&#8243;] [pl_text<\/p>\n","protected":false},"author":2,"featured_media":0,"parent":0,"menu_order":0,"comment_status":"closed","ping_status":"closed","template":"","meta":{"pagelayer_contact_templates":[],"_pagelayer_content":"","footnotes":""},"yoast_head":"<!-- This site is optimized with the Yoast SEO plugin v23.5 - https:\/\/yoast.com\/wordpress\/plugins\/seo\/ -->\n<title>Cookies - Studio Gallella &amp; Partners<\/title>\n<meta name=\"robots\" content=\"index, follow, max-snippet:-1, max-image-preview:large, max-video-preview:-1\" \/>\n<link rel=\"canonical\" href=\"https:\/\/studiogallella.it\/index.php\/cookies\/\" \/>\n<meta property=\"og:locale\" content=\"it_IT\" \/>\n<meta property=\"og:type\" content=\"article\" \/>\n<meta property=\"og:title\" content=\"Cookies - Studio Gallella &amp; Partners\" \/>\n<meta property=\"og:description\" content=\"[pl_row pagelayer-id=&#8221;upfdj8pixl7lzcay&#8221; 0=&#8221;&#8221;] [pl_col pagelayer-id=&#8221;q0457zde3yze4w0u&#8221; col=&#8221;12&#8243;] [pl_text pagelayer-id=&#8221;wsik8u5l3u0g7zxd&#8221; 0=&#8221;&#8221;] [\/pl_text] [\/pl_col] [\/pl_row] [pl_row pagelayer-id=&#8221;doPfOxdEk2u2gpeT&#8221; stretch=&#8221;auto&#8221; col_gap=&#8221;10&#8243; width_content=&#8221;auto&#8221; row_height=&#8221;default&#8221; overlay_hover_delay=&#8221;400&#8243; row_shape_top_color=&#8221;#227bc3&#8243; row_shape_top_width=&#8221;100&#8243; row_shape_top_height=&#8221;100&#8243; row_shape_bottom_color=&#8221;#e44993&#8243; row_shape_bottom_width=&#8221;100&#8243; row_shape_bottom_height=&#8221;100&#8243;] [pl_col pagelayer-id=&#8221;zXnwd9fxKrgl3h4z&#8221; widget_space=&#8221;15&#8243; overlay_hover_delay=&#8221;400&#8243;] [pl_text\" \/>\n<meta property=\"og:url\" content=\"https:\/\/studiogallella.it\/index.php\/cookies\/\" \/>\n<meta property=\"og:site_name\" content=\"Studio Gallella &amp; Partners\" \/>\n<meta property=\"article:modified_time\" content=\"2020-09-20T18:21:53+00:00\" \/>\n<meta name=\"twitter:card\" content=\"summary_large_image\" \/>\n<meta name=\"twitter:label1\" content=\"Tempo di lettura stimato\" \/>\n\t<meta name=\"twitter:data1\" content=\"9 minuti\" \/>\n<script type=\"application\/ld+json\" class=\"yoast-schema-graph\">{\"@context\":\"https:\/\/schema.org\",\"@graph\":[{\"@type\":\"WebPage\",\"@id\":\"https:\/\/studiogallella.it\/index.php\/cookies\/\",\"url\":\"https:\/\/studiogallella.it\/index.php\/cookies\/\",\"name\":\"Cookies - Studio Gallella &amp; Partners\",\"isPartOf\":{\"@id\":\"https:\/\/studiogallella.it\/#website\"},\"datePublished\":\"2020-09-20T18:15:14+00:00\",\"dateModified\":\"2020-09-20T18:21:53+00:00\",\"breadcrumb\":{\"@id\":\"https:\/\/studiogallella.it\/index.php\/cookies\/#breadcrumb\"},\"inLanguage\":\"it-IT\",\"potentialAction\":[{\"@type\":\"ReadAction\",\"target\":[\"https:\/\/studiogallella.it\/index.php\/cookies\/\"]}]},{\"@type\":\"BreadcrumbList\",\"@id\":\"https:\/\/studiogallella.it\/index.php\/cookies\/#breadcrumb\",\"itemListElement\":[{\"@type\":\"ListItem\",\"position\":1,\"name\":\"Home\",\"item\":\"https:\/\/studiogallella.it\/\"},{\"@type\":\"ListItem\",\"position\":2,\"name\":\"Cookies\"}]},{\"@type\":\"WebSite\",\"@id\":\"https:\/\/studiogallella.it\/#website\",\"url\":\"https:\/\/studiogallella.it\/\",\"name\":\"Studio Gallella &amp; Partners\",\"description\":\"commercialisti e revisori contabili - avvocati - consulenza tributaria, societaria, legale e del lavoro\",\"publisher\":{\"@id\":\"https:\/\/studiogallella.it\/#organization\"},\"potentialAction\":[{\"@type\":\"SearchAction\",\"target\":{\"@type\":\"EntryPoint\",\"urlTemplate\":\"https:\/\/studiogallella.it\/?s={search_term_string}\"},\"query-input\":{\"@type\":\"PropertyValueSpecification\",\"valueRequired\":true,\"valueName\":\"search_term_string\"}}],\"inLanguage\":\"it-IT\"},{\"@type\":\"Organization\",\"@id\":\"https:\/\/studiogallella.it\/#organization\",\"name\":\"Studio Gallella &amp; Partners\",\"url\":\"https:\/\/studiogallella.it\/\",\"logo\":{\"@type\":\"ImageObject\",\"inLanguage\":\"it-IT\",\"@id\":\"https:\/\/studiogallella.it\/#\/schema\/logo\/image\/\",\"url\":\"https:\/\/studiogallella.it\/wp-content\/uploads\/2020\/11\/logo_6-1.png\",\"contentUrl\":\"https:\/\/studiogallella.it\/wp-content\/uploads\/2020\/11\/logo_6-1.png\",\"width\":712,\"height\":87,\"caption\":\"Studio Gallella &amp; Partners\"},\"image\":{\"@id\":\"https:\/\/studiogallella.it\/#\/schema\/logo\/image\/\"}}]}<\/script>\n<!-- \/ Yoast SEO plugin. -->","yoast_head_json":{"title":"Cookies - Studio Gallella &amp; Partners","robots":{"index":"index","follow":"follow","max-snippet":"max-snippet:-1","max-image-preview":"max-image-preview:large","max-video-preview":"max-video-preview:-1"},"canonical":"https:\/\/studiogallella.it\/index.php\/cookies\/","og_locale":"it_IT","og_type":"article","og_title":"Cookies - Studio Gallella &amp; Partners","og_description":"[pl_row pagelayer-id=&#8221;upfdj8pixl7lzcay&#8221; 0=&#8221;&#8221;] [pl_col pagelayer-id=&#8221;q0457zde3yze4w0u&#8221; col=&#8221;12&#8243;] [pl_text pagelayer-id=&#8221;wsik8u5l3u0g7zxd&#8221; 0=&#8221;&#8221;] [\/pl_text] [\/pl_col] [\/pl_row] [pl_row pagelayer-id=&#8221;doPfOxdEk2u2gpeT&#8221; stretch=&#8221;auto&#8221; col_gap=&#8221;10&#8243; width_content=&#8221;auto&#8221; row_height=&#8221;default&#8221; overlay_hover_delay=&#8221;400&#8243; row_shape_top_color=&#8221;#227bc3&#8243; row_shape_top_width=&#8221;100&#8243; row_shape_top_height=&#8221;100&#8243; row_shape_bottom_color=&#8221;#e44993&#8243; row_shape_bottom_width=&#8221;100&#8243; row_shape_bottom_height=&#8221;100&#8243;] [pl_col pagelayer-id=&#8221;zXnwd9fxKrgl3h4z&#8221; widget_space=&#8221;15&#8243; overlay_hover_delay=&#8221;400&#8243;] [pl_text","og_url":"https:\/\/studiogallella.it\/index.php\/cookies\/","og_site_name":"Studio Gallella &amp; Partners","article_modified_time":"2020-09-20T18:21:53+00:00","twitter_card":"summary_large_image","twitter_misc":{"Tempo di lettura stimato":"9 minuti"},"schema":{"@context":"https:\/\/schema.org","@graph":[{"@type":"WebPage","@id":"https:\/\/studiogallella.it\/index.php\/cookies\/","url":"https:\/\/studiogallella.it\/index.php\/cookies\/","name":"Cookies - Studio Gallella &amp; Partners","isPartOf":{"@id":"https:\/\/studiogallella.it\/#website"},"datePublished":"2020-09-20T18:15:14+00:00","dateModified":"2020-09-20T18:21:53+00:00","breadcrumb":{"@id":"https:\/\/studiogallella.it\/index.php\/cookies\/#breadcrumb"},"inLanguage":"it-IT","potentialAction":[{"@type":"ReadAction","target":["https:\/\/studiogallella.it\/index.php\/cookies\/"]}]},{"@type":"BreadcrumbList","@id":"https:\/\/studiogallella.it\/index.php\/cookies\/#breadcrumb","itemListElement":[{"@type":"ListItem","position":1,"name":"Home","item":"https:\/\/studiogallella.it\/"},{"@type":"ListItem","position":2,"name":"Cookies"}]},{"@type":"WebSite","@id":"https:\/\/studiogallella.it\/#website","url":"https:\/\/studiogallella.it\/","name":"Studio Gallella &amp; Partners","description":"commercialisti e revisori contabili - avvocati - consulenza tributaria, societaria, legale e del lavoro","publisher":{"@id":"https:\/\/studiogallella.it\/#organization"},"potentialAction":[{"@type":"SearchAction","target":{"@type":"EntryPoint","urlTemplate":"https:\/\/studiogallella.it\/?s={search_term_string}"},"query-input":{"@type":"PropertyValueSpecification","valueRequired":true,"valueName":"search_term_string"}}],"inLanguage":"it-IT"},{"@type":"Organization","@id":"https:\/\/studiogallella.it\/#organization","name":"Studio Gallella &amp; Partners","url":"https:\/\/studiogallella.it\/","logo":{"@type":"ImageObject","inLanguage":"it-IT","@id":"https:\/\/studiogallella.it\/#\/schema\/logo\/image\/","url":"https:\/\/studiogallella.it\/wp-content\/uploads\/2020\/11\/logo_6-1.png","contentUrl":"https:\/\/studiogallella.it\/wp-content\/uploads\/2020\/11\/logo_6-1.png","width":712,"height":87,"caption":"Studio Gallella &amp; Partners"},"image":{"@id":"https:\/\/studiogallella.it\/#\/schema\/logo\/image\/"}}]}},"rttpg_featured_image_url":null,"rttpg_author":{"display_name":"admin","author_link":"https:\/\/studiogallella.it\/index.php\/author\/admin\/"},"rttpg_comment":0,"rttpg_category":null,"rttpg_excerpt":"[pl_row pagelayer-id=&#8221;upfdj8pixl7lzcay&#8221; 0=&#8221;&#8221;] [pl_col pagelayer-id=&#8221;q0457zde3yze4w0u&#8221; col=&#8221;12&#8243;] [pl_text pagelayer-id=&#8221;wsik8u5l3u0g7zxd&#8221; 0=&#8221;&#8221;] [\/pl_text] [\/pl_col] [\/pl_row] [pl_row pagelayer-id=&#8221;doPfOxdEk2u2gpeT&#8221; stretch=&#8221;auto&#8221; col_gap=&#8221;10&#8243; width_content=&#8221;auto&#8221; row_height=&#8221;default&#8221; overlay_hover_delay=&#8221;400&#8243; row_shape_top_color=&#8221;#227bc3&#8243; row_shape_top_width=&#8221;100&#8243; row_shape_top_height=&#8221;100&#8243; row_shape_bottom_color=&#8221;#e44993&#8243; row_shape_bottom_width=&#8221;100&#8243; row_shape_bottom_height=&#8221;100&#8243;] [pl_col pagelayer-id=&#8221;zXnwd9fxKrgl3h4z&#8221; widget_space=&#8221;15&#8243; overlay_hover_delay=&#8221;400&#8243;] [pl_text","_links":{"self":[{"href":"https:\/\/studiogallella.it\/index.php\/wp-json\/wp\/v2\/pages\/520"}],"collection":[{"href":"https:\/\/studiogallella.it\/index.php\/wp-json\/wp\/v2\/pages"}],"about":[{"href":"https:\/\/studiogallella.it\/index.php\/wp-json\/wp\/v2\/types\/page"}],"author":[{"embeddable":true,"href":"https:\/\/studiogallella.it\/index.php\/wp-json\/wp\/v2\/users\/2"}],"replies":[{"embeddable":true,"href":"https:\/\/studiogallella.it\/index.php\/wp-json\/wp\/v2\/comments?post=520"}],"version-history":[{"count":3,"href":"https:\/\/studiogallella.it\/index.php\/wp-json\/wp\/v2\/pages\/520\/revisions"}],"predecessor-version":[{"id":523,"href":"https:\/\/studiogallella.it\/index.php\/wp-json\/wp\/v2\/pages\/520\/revisions\/523"}],"wp:attachment":[{"href":"https:\/\/studiogallella.it\/index.php\/wp-json\/wp\/v2\/media?parent=520"}],"curies":[{"name":"wp","href":"https:\/\/api.w.org\/{rel}","templated":true}]}}