{"id":297,"date":"2020-09-17T12:03:02","date_gmt":"2020-09-17T12:03:02","guid":{"rendered":"https:\/\/studiogallella.it\/wordpress\/index.php\/prodotto\/import-placeholder-for-416\/"},"modified":"2020-09-17T12:03:15","modified_gmt":"2020-09-17T12:03:15","slug":"scia-apparecchi-automatici","status":"publish","type":"product","link":"https:\/\/studiogallella.it\/index.php\/prodotto\/scia-apparecchi-automatici\/","title":{"rendered":"SCIA APPARECCHI AUTOMATICI"},"content":{"rendered":"<div class=\"field field-type-text field-field-intervento-descrizione\">\n<div class=\"field-items\">\n<div class=\"field-item odd\">\n<p>La vendita di prodotti al dettaglio (sia alimentari che non alimentari)\u00a0 pu\u00f2 essere effettuata a mezzo di apparecchi (distributori automatici) installati presso attivit\u00e0 commerciali gi\u00e0 in esercizio o attraverso l&#8217;allestimento di spazi dedicati esclusivamente a tali distributori.<\/p>\n<\/div>\n<\/div>\n<\/div>\n<div class=\"field field-type-text field-field-ae-requisiti-professional\">\n<div class=\"field-label\">Per svolgere l&#8217;attivit\u00e0 il gestore del distributore deve presentare <strong>Segnalazione certificata di inizio attivit\u00e0\u00a0al SUAP\u00a0<\/strong>come previsto dall&#8217;articolo 19 della\u00a0<a href=\"http:\/\/www.indicenormativa.it\/norma\/urn%3Anir%3Astato%3Alegge%3A1990-08-07%3B241\" target=\"_blank\" rel=\"noopener noreferrer\">Legge 07\/08\/1990, n. 241<\/a>.<\/div>\n<div class=\"field-items\">\n<div class=\"field-item odd\">\n<form id=\"collapse-text-dynamic-form-number-1\" accept-charset=\"UTF-8\" action=\"https:\/\/www.sportellotelematico-estmilano.it\/commercio-tramite-distributori-automatici\" method=\"post\">\n<div class=\"collapse-text-text collapsed-text\">\n<p>L&#8217;installazione di distributori automatici per\u00a0somministrare alimenti e bevande\u00a0in locali esclusivamente adibiti a questa attivit\u00e0 \u00e8 soggetta alle stesse disposizioni degli\u00a0<strong>esercizi di somministrazione di alimenti e bevande<\/strong>.<\/p>\n<\/div>\n<\/form>\n<\/div>\n<\/div>\n<\/div>\n","protected":false},"excerpt":{"rendered":"<p><strong>Prezzo comprensivo di iva.\u00a0 A conclusione dell&#8217;ordine provvederemo ad inviare l&#8217;elenco dei documenti necessari all&#8217;espletamento del servizio e a comunicare i costi per diritti e tariffe\u00a0 richiesti dal Comune di competenza.<\/strong><\/p>\n<p>&nbsp;<\/p>\n","protected":false},"featured_media":0,"template":"","meta":{"pagelayer_contact_templates":[],"_pagelayer_content":""},"product_cat":[21],"product_tag":[],"yoast_head":"<!-- This site is optimized with the Yoast SEO plugin v23.5 - https:\/\/yoast.com\/wordpress\/plugins\/seo\/ -->\n<title>SCIA APPARECCHI AUTOMATICI - Studio Gallella &amp; Partners<\/title>\n<meta name=\"robots\" content=\"index, follow, max-snippet:-1, max-image-preview:large, max-video-preview:-1\" \/>\n<link rel=\"canonical\" href=\"https:\/\/studiogallella.it\/index.php\/prodotto\/scia-apparecchi-automatici\/\" \/>\n<meta property=\"og:locale\" content=\"it_IT\" \/>\n<meta property=\"og:type\" content=\"article\" \/>\n<meta property=\"og:title\" content=\"SCIA APPARECCHI AUTOMATICI - Studio Gallella &amp; Partners\" \/>\n<meta property=\"og:description\" content=\"Prezzo comprensivo di iva.\u00a0 A conclusione dell&#039;ordine provvederemo ad inviare l&#039;elenco dei documenti necessari all&#039;espletamento del servizio e a comunicare i costi per diritti e tariffe\u00a0 richiesti dal Comune di competenza.  &nbsp;\" \/>\n<meta property=\"og:url\" content=\"https:\/\/studiogallella.it\/index.php\/prodotto\/scia-apparecchi-automatici\/\" \/>\n<meta property=\"og:site_name\" content=\"Studio Gallella &amp; Partners\" \/>\n<meta property=\"article:modified_time\" content=\"2020-09-17T12:03:15+00:00\" \/>\n<meta name=\"twitter:card\" content=\"summary_large_image\" \/>\n<script type=\"application\/ld+json\" class=\"yoast-schema-graph\">{\"@context\":\"https:\/\/schema.org\",\"@graph\":[{\"@type\":\"WebPage\",\"@id\":\"https:\/\/studiogallella.it\/index.php\/prodotto\/scia-apparecchi-automatici\/\",\"url\":\"https:\/\/studiogallella.it\/index.php\/prodotto\/scia-apparecchi-automatici\/\",\"name\":\"SCIA APPARECCHI AUTOMATICI - Studio Gallella &amp; Partners\",\"isPartOf\":{\"@id\":\"https:\/\/studiogallella.it\/#website\"},\"datePublished\":\"2020-09-17T12:03:02+00:00\",\"dateModified\":\"2020-09-17T12:03:15+00:00\",\"breadcrumb\":{\"@id\":\"https:\/\/studiogallella.it\/index.php\/prodotto\/scia-apparecchi-automatici\/#breadcrumb\"},\"inLanguage\":\"it-IT\",\"potentialAction\":[{\"@type\":\"ReadAction\",\"target\":[\"https:\/\/studiogallella.it\/index.php\/prodotto\/scia-apparecchi-automatici\/\"]}]},{\"@type\":\"BreadcrumbList\",\"@id\":\"https:\/\/studiogallella.it\/index.php\/prodotto\/scia-apparecchi-automatici\/#breadcrumb\",\"itemListElement\":[{\"@type\":\"ListItem\",\"position\":1,\"name\":\"Home\",\"item\":\"https:\/\/studiogallella.it\/\"},{\"@type\":\"ListItem\",\"position\":2,\"name\":\"Shop\",\"item\":\"https:\/\/studiogallella.it\/index.php\/shop\/\"},{\"@type\":\"ListItem\",\"position\":3,\"name\":\"SCIA APPARECCHI AUTOMATICI\"}]},{\"@type\":\"WebSite\",\"@id\":\"https:\/\/studiogallella.it\/#website\",\"url\":\"https:\/\/studiogallella.it\/\",\"name\":\"Studio Gallella &amp; Partners\",\"description\":\"commercialisti e revisori contabili - avvocati - consulenza tributaria, societaria, legale e del lavoro\",\"publisher\":{\"@id\":\"https:\/\/studiogallella.it\/#organization\"},\"potentialAction\":[{\"@type\":\"SearchAction\",\"target\":{\"@type\":\"EntryPoint\",\"urlTemplate\":\"https:\/\/studiogallella.it\/?s={search_term_string}\"},\"query-input\":{\"@type\":\"PropertyValueSpecification\",\"valueRequired\":true,\"valueName\":\"search_term_string\"}}],\"inLanguage\":\"it-IT\"},{\"@type\":\"Organization\",\"@id\":\"https:\/\/studiogallella.it\/#organization\",\"name\":\"Studio Gallella &amp; Partners\",\"url\":\"https:\/\/studiogallella.it\/\",\"logo\":{\"@type\":\"ImageObject\",\"inLanguage\":\"it-IT\",\"@id\":\"https:\/\/studiogallella.it\/#\/schema\/logo\/image\/\",\"url\":\"https:\/\/studiogallella.it\/wp-content\/uploads\/2020\/11\/logo_6-1.png\",\"contentUrl\":\"https:\/\/studiogallella.it\/wp-content\/uploads\/2020\/11\/logo_6-1.png\",\"width\":712,\"height\":87,\"caption\":\"Studio Gallella &amp; Partners\"},\"image\":{\"@id\":\"https:\/\/studiogallella.it\/#\/schema\/logo\/image\/\"}}]}<\/script>\n<!-- \/ Yoast SEO plugin. -->","yoast_head_json":{"title":"SCIA APPARECCHI AUTOMATICI - Studio Gallella &amp; Partners","robots":{"index":"index","follow":"follow","max-snippet":"max-snippet:-1","max-image-preview":"max-image-preview:large","max-video-preview":"max-video-preview:-1"},"canonical":"https:\/\/studiogallella.it\/index.php\/prodotto\/scia-apparecchi-automatici\/","og_locale":"it_IT","og_type":"article","og_title":"SCIA APPARECCHI AUTOMATICI - Studio Gallella &amp; Partners","og_description":"Prezzo comprensivo di iva.\u00a0 A conclusione dell'ordine provvederemo ad inviare l'elenco dei documenti necessari all'espletamento del servizio e a comunicare i costi per diritti e tariffe\u00a0 richiesti dal Comune di competenza.  &nbsp;","og_url":"https:\/\/studiogallella.it\/index.php\/prodotto\/scia-apparecchi-automatici\/","og_site_name":"Studio Gallella &amp; Partners","article_modified_time":"2020-09-17T12:03:15+00:00","twitter_card":"summary_large_image","schema":{"@context":"https:\/\/schema.org","@graph":[{"@type":"WebPage","@id":"https:\/\/studiogallella.it\/index.php\/prodotto\/scia-apparecchi-automatici\/","url":"https:\/\/studiogallella.it\/index.php\/prodotto\/scia-apparecchi-automatici\/","name":"SCIA APPARECCHI AUTOMATICI - Studio Gallella &amp; Partners","isPartOf":{"@id":"https:\/\/studiogallella.it\/#website"},"datePublished":"2020-09-17T12:03:02+00:00","dateModified":"2020-09-17T12:03:15+00:00","breadcrumb":{"@id":"https:\/\/studiogallella.it\/index.php\/prodotto\/scia-apparecchi-automatici\/#breadcrumb"},"inLanguage":"it-IT","potentialAction":[{"@type":"ReadAction","target":["https:\/\/studiogallella.it\/index.php\/prodotto\/scia-apparecchi-automatici\/"]}]},{"@type":"BreadcrumbList","@id":"https:\/\/studiogallella.it\/index.php\/prodotto\/scia-apparecchi-automatici\/#breadcrumb","itemListElement":[{"@type":"ListItem","position":1,"name":"Home","item":"https:\/\/studiogallella.it\/"},{"@type":"ListItem","position":2,"name":"Shop","item":"https:\/\/studiogallella.it\/index.php\/shop\/"},{"@type":"ListItem","position":3,"name":"SCIA APPARECCHI AUTOMATICI"}]},{"@type":"WebSite","@id":"https:\/\/studiogallella.it\/#website","url":"https:\/\/studiogallella.it\/","name":"Studio Gallella &amp; Partners","description":"commercialisti e revisori contabili - avvocati - consulenza tributaria, societaria, legale e del lavoro","publisher":{"@id":"https:\/\/studiogallella.it\/#organization"},"potentialAction":[{"@type":"SearchAction","target":{"@type":"EntryPoint","urlTemplate":"https:\/\/studiogallella.it\/?s={search_term_string}"},"query-input":{"@type":"PropertyValueSpecification","valueRequired":true,"valueName":"search_term_string"}}],"inLanguage":"it-IT"},{"@type":"Organization","@id":"https:\/\/studiogallella.it\/#organization","name":"Studio Gallella &amp; Partners","url":"https:\/\/studiogallella.it\/","logo":{"@type":"ImageObject","inLanguage":"it-IT","@id":"https:\/\/studiogallella.it\/#\/schema\/logo\/image\/","url":"https:\/\/studiogallella.it\/wp-content\/uploads\/2020\/11\/logo_6-1.png","contentUrl":"https:\/\/studiogallella.it\/wp-content\/uploads\/2020\/11\/logo_6-1.png","width":712,"height":87,"caption":"Studio Gallella &amp; Partners"},"image":{"@id":"https:\/\/studiogallella.it\/#\/schema\/logo\/image\/"}}]}},"_links":{"self":[{"href":"https:\/\/studiogallella.it\/index.php\/wp-json\/wp\/v2\/product\/297"}],"collection":[{"href":"https:\/\/studiogallella.it\/index.php\/wp-json\/wp\/v2\/product"}],"about":[{"href":"https:\/\/studiogallella.it\/index.php\/wp-json\/wp\/v2\/types\/product"}],"wp:attachment":[{"href":"https:\/\/studiogallella.it\/index.php\/wp-json\/wp\/v2\/media?parent=297"}],"wp:term":[{"taxonomy":"product_cat","embeddable":true,"href":"https:\/\/studiogallella.it\/index.php\/wp-json\/wp\/v2\/product_cat?post=297"},{"taxonomy":"product_tag","embeddable":true,"href":"https:\/\/studiogallella.it\/index.php\/wp-json\/wp\/v2\/product_tag?post=297"}],"curies":[{"name":"wp","href":"https:\/\/api.w.org\/{rel}","templated":true}]}}